{"id":4297,"date":"2023-06-08T10:28:42","date_gmt":"2023-06-08T10:28:42","guid":{"rendered":"https:\/\/darkblue-wasp-904448.hostingersite.com\/?page_id=4297"},"modified":"2023-06-13T06:43:42","modified_gmt":"2023-06-13T06:43:42","slug":"politica-de-galletas-cookies","status":"publish","type":"page","link":"https:\/\/www.arcmontjuic.cat\/es\/politica-de-galletas-cookies\/","title":{"rendered":"Pol\u00edtica de Galletas (Cookies)"},"content":{"rendered":"\t\t<div data-elementor-type=\"wp-page\" data-elementor-id=\"4297\" class=\"elementor elementor-4297 elementor-4292\" data-elementor-post-type=\"page\">\n\t\t\t\t\t\t<section class=\"elementor-section elementor-top-section elementor-element elementor-element-7b6add13 elementor-section-boxed elementor-section-height-default elementor-section-height-default\" data-id=\"7b6add13\" data-element_type=\"section\" data-e-type=\"section\">\n\t\t\t\t\t\t<div class=\"elementor-container elementor-column-gap-default\">\n\t\t\t\t\t<div class=\"elementor-column elementor-col-100 elementor-top-column elementor-element elementor-element-52caee48\" data-id=\"52caee48\" data-element_type=\"column\" data-e-type=\"column\">\n\t\t\t<div class=\"elementor-widget-wrap elementor-element-populated\">\n\t\t\t\t\t\t<div class=\"elementor-element elementor-element-724fd97d elementor-widget elementor-widget-text-editor\" data-id=\"724fd97d\" data-element_type=\"widget\" data-e-type=\"widget\" data-widget_type=\"text-editor.default\">\n\t\t\t\t<div class=\"elementor-widget-container\">\n\t\t\t\t\t\t\t\t\t\n<h2 class=\"wp-block-heading\">Cookies<\/h2>\n\n<p>Utilizamos cookies para facilitar el uso de nuestra p\u00e1gina web. Las cookies son peque\u00f1os archivos de informaci\u00f3n que nos permiten comparar y entender c\u00f3mo nuestros usuarios navegan a trav\u00e9s de nuestra p\u00e1gina web, y de esta forma poder mejorar consecuentemente el proceso de navegaci\u00f3n. Las cookies que utilizamos no almacenan ning\u00fan dato personal, ni ning\u00fan tipo de informaci\u00f3n que pueda identificarle. En caso de no querer recibir cookies, por favor configure su navegador de Internet para que las borre del disco duro de su ordenador, las bloquee o le avise en caso de instalaci\u00f3n de las mismas. Para continuar sin cambios en la configuraci\u00f3n de las cookies, simplemente contin\u00fae en la p\u00e1gina web.  <\/p>\n\n<p>Puede obtener m\u00e1s informaci\u00f3n sobre las cookies y su uso en www.aboutcookies.org.<\/p>\n\n<p>Los tipos de cookies que utilizamos<\/p>\n\n<h2 class=\"wp-block-heading\">Cookies estrictamente necesarias:<\/h2>\n\n<p>Estas cookies son necesarias para el correcto uso de la p\u00e1gina web, permitiendo el acceso a secciones que cuenten con filtros de seguridad. Sin estas cookies, muchos de los servicios disponibles no ser\u00edan operativos.<\/p>\n\n<h2 class=\"wp-block-heading\">Cookies de Navegaci\u00f3n:<\/h2>\n\n<p>Estas cookies recogen informaci\u00f3n sobre el uso que las visitas hacen de la web, por ejemplo p\u00e1ginas vistas, fallos de carga&#8230; Es informaci\u00f3n gen\u00e9rica y an\u00f3nima, donde no se incluyen datos personales, ni se recoge informaci\u00f3n que identifique a los visitantes; siendo el objetivo \u00faltimo mejorar el funcionamiento de la web.<\/p>\n\n<p>Al visitar nuestra p\u00e1gina web, acepta la instalaci\u00f3n de estas cookies en su dispositivo.<\/p>\n\n<h2 class=\"wp-block-heading\">Cookies Funcionales:<\/h2>\n\n<p>Estas cookies permiten recordar informaci\u00f3n (como su nombre de usuario, idioma o regi\u00f3n en la que se encuentra) y caracter\u00edsticas m\u00e1s personales. Por ejemplo, la posibilidad de ofrecer contenido personalizado basado en la informaci\u00f3n y los criterios que hayas proporcionado voluntariamente. Estas cookies tambi\u00e9n pueden utilizarse para recordar los cambios realizados en el tama\u00f1o de texto, fuentes y otras partes personalizables de la p\u00e1gina web.   Tambi\u00e9n se utilizan para ofrecer algunos servicios solicitados, como ver un video o comentar en un blog. La informaci\u00f3n que recopilan estas cookies puede ser an\u00f3nima y no podr\u00e1 seguir su actividad en otras p\u00e1ginas web.<\/p>\n\n<p>Al visitar nuestra p\u00e1gina web, acepta la instalaci\u00f3n de estas cookies en su dispositivo.<\/p>\n\n<h2 class=\"wp-block-heading\">C\u00f3mo administrar las cookies en los ordenadores<\/h2>\n\n<p>Si desea permitir el uso de cookies de nuestro site, por favor sigue las siguientes instrucciones.<\/p>\n\n<h5 class=\"wp-block-heading\">Google Chrome<\/h5>\n\n<p>1. Al abrir el navegador, pinche \u201cherramientas\u201d en la parte superior y seleccione la pesta\u00f1a de <strong>opciones<\/strong>.<\/p>\n\n<p>2. Dentro de opciones, pinche <strong>privacidad<\/strong>.<\/p>\n\n<p>3. Marque <strong>permitir la administraci\u00f3n de cookies<\/strong>.<\/p>\n\n<h5 class=\"wp-block-heading\">Microsoft Internet Explorer 6.0, 7.0, 8.0, 9.0<\/h5>\n\n<p>1.Al abrir el navegador, pinche <strong>herramientas<\/strong> en la parte superior y seleccione la pesta\u00f1a de <strong>opciones<\/strong>.<\/p>\n\n<p>2. Revise la pesta\u00f1a de <strong>Privacidad<\/strong> asegurando que est\u00e1 configurada con un nivel de seguridad medio o inferior.<\/p>\n\n<p>3. Si la configuraci\u00f3n de Internet no es media se estar\u00e1n bloqueando las cookies.<\/p>\n\n<h5 class=\"wp-block-heading\">Mozilla Firefox<\/h5>\n\n<p>1. Al abrir el navegador, pinche <strong>herramientas<\/strong> en la parte superior y selecciona la pesta\u00f1a de <strong>opciones.<\/strong><\/p>\n\n<p>2. Seleccione el icono de Privacidad.<\/p>\n\n<p>3. Pulsa en cookies, y marca: <strong>Permitir la instalaci\u00f3n de cookies<\/strong>.<\/p>\n\n<h5 class=\"wp-block-heading\">Safari<\/h5>\n\n<p>1. Al abrir el navegador, pinche <strong>herramientas<\/strong> en la parte superior y selecciona la pesta\u00f1a de <strong>opciones.<\/strong><\/p>\n\n<p>2. Seleccione la pesta\u00f1a de Seguridad y revise si la opci\u00f3n <strong>Bloquear el acceso de cookies de terceros<\/strong> est\u00e1 marcada o no.<\/p>\n\n<p>3. Marca a <strong>guardar<\/strong>.<\/p>\n\t\t\t\t\t\t\t\t<\/div>\n\t\t\t\t<\/div>\n\t\t\t\t\t<\/div>\n\t\t<\/div>\n\t\t\t\t\t<\/div>\n\t\t<\/section>\n\t\t\t\t<\/div>\n\t\t","protected":false},"excerpt":{"rendered":"<p>Cookies Utilizamos cookies para facilitar el uso de nuestra p\u00e1gina web. Las cookies son peque\u00f1os archivos de informaci\u00f3n que nos permiten comparar y entender c\u00f3mo nuestros usuarios navegan a trav\u00e9s [&hellip;]<\/p>\n","protected":false},"author":3,"featured_media":0,"parent":0,"menu_order":0,"comment_status":"closed","ping_status":"closed","template":"","meta":{"_price":"","_stock":"","_tribe_ticket_header":"","_tribe_default_ticket_provider":"","_tribe_ticket_capacity":"0","_ticket_start_date":"","_ticket_end_date":"","_tribe_ticket_show_description":"","_tribe_ticket_show_not_going":false,"_tribe_ticket_use_global_stock":"","_tribe_ticket_global_stock_level":"","_global_stock_mode":"","_global_stock_cap":"","_tribe_rsvp_for_event":"","_tribe_ticket_going_count":"","_tribe_ticket_not_going_count":"","_tribe_tickets_list":"[]","_tribe_ticket_has_attendee_info_fields":false,"footnotes":"","_tec_slr_enabled":"","_tec_slr_layout":""},"class_list":["post-4297","page","type-page","status-publish","hentry","entry","owp-thumbs-layout-horizontal","owp-btn-normal","owp-tabs-layout-horizontal","has-no-thumbnails","has-product-nav"],"yoast_head":"<!-- This site is optimized with the Yoast SEO plugin v27.2 - https:\/\/yoast.com\/product\/yoast-seo-wordpress\/ -->\n<title>Pol\u00edtica de Galletas (Cookies) - Club Arc Montju\u00efc<\/title>\n<meta name=\"robots\" content=\"index, follow, max-snippet:-1, max-image-preview:large, max-video-preview:-1\" \/>\n<link rel=\"canonical\" href=\"https:\/\/www.arcmontjuic.cat\/politica-de-cookies-o-galetes\/\" \/>\n<meta property=\"og:locale\" content=\"es_ES\" \/>\n<meta property=\"og:type\" content=\"article\" \/>\n<meta property=\"og:title\" content=\"Pol\u00edtica de Galletas (Cookies) - Club Arc Montju\u00efc\" \/>\n<meta property=\"og:description\" content=\"Cookies Utilizamos cookies para facilitar el uso de nuestra p\u00e1gina web. Las cookies son peque\u00f1os archivos de informaci\u00f3n que nos permiten comparar y entender c\u00f3mo nuestros usuarios navegan a trav\u00e9s [&hellip;]\" \/>\n<meta property=\"og:url\" content=\"https:\/\/www.arcmontjuic.cat\/politica-de-cookies-o-galetes\/\" \/>\n<meta property=\"og:site_name\" content=\"Club Arc Montju\u00efc\" \/>\n<meta property=\"article:modified_time\" content=\"2023-06-13T06:43:42+00:00\" \/>\n<meta name=\"twitter:card\" content=\"summary_large_image\" \/>\n<meta name=\"twitter:label1\" content=\"Tiempo de lectura\" \/>\n\t<meta name=\"twitter:data1\" content=\"3 minutos\" \/>\n<script type=\"application\/ld+json\" class=\"yoast-schema-graph\">{\"@context\":\"https:\/\/schema.org\",\"@graph\":[{\"@type\":\"WebPage\",\"@id\":\"https:\/\/www.arcmontjuic.cat\/politica-de-cookies-o-galetes\/\",\"url\":\"https:\/\/www.arcmontjuic.cat\/politica-de-cookies-o-galetes\/\",\"name\":\"Pol\u00edtica de Galletas (Cookies) - Club Arc Montju\u00efc\",\"isPartOf\":{\"@id\":\"https:\/\/www.arcmontjuic.cat\/#website\"},\"datePublished\":\"2023-06-08T10:28:42+00:00\",\"dateModified\":\"2023-06-13T06:43:42+00:00\",\"breadcrumb\":{\"@id\":\"https:\/\/www.arcmontjuic.cat\/politica-de-cookies-o-galetes\/#breadcrumb\"},\"inLanguage\":\"es\",\"potentialAction\":[{\"@type\":\"ReadAction\",\"target\":[\"https:\/\/www.arcmontjuic.cat\/politica-de-cookies-o-galetes\/\"]}]},{\"@type\":\"BreadcrumbList\",\"@id\":\"https:\/\/www.arcmontjuic.cat\/politica-de-cookies-o-galetes\/#breadcrumb\",\"itemListElement\":[{\"@type\":\"ListItem\",\"position\":1,\"name\":\"Portada\",\"item\":\"https:\/\/www.arcmontjuic.cat\/\"},{\"@type\":\"ListItem\",\"position\":2,\"name\":\"Pol\u00edtica de Galletas (Cookies)\"}]},{\"@type\":\"WebSite\",\"@id\":\"https:\/\/www.arcmontjuic.cat\/#website\",\"url\":\"https:\/\/www.arcmontjuic.cat\/\",\"name\":\"Club Arc Montju\u00efc\",\"description\":\"Tir amb arc Barcelona\",\"publisher\":{\"@id\":\"https:\/\/www.arcmontjuic.cat\/#organization\"},\"potentialAction\":[{\"@type\":\"SearchAction\",\"target\":{\"@type\":\"EntryPoint\",\"urlTemplate\":\"https:\/\/www.arcmontjuic.cat\/?s={search_term_string}\"},\"query-input\":{\"@type\":\"PropertyValueSpecification\",\"valueRequired\":true,\"valueName\":\"search_term_string\"}}],\"inLanguage\":\"es\"},{\"@type\":\"Organization\",\"@id\":\"https:\/\/www.arcmontjuic.cat\/#organization\",\"name\":\"Club Arc Montju\u00efc\",\"url\":\"https:\/\/www.arcmontjuic.cat\/\",\"logo\":{\"@type\":\"ImageObject\",\"inLanguage\":\"es\",\"@id\":\"https:\/\/www.arcmontjuic.cat\/#\/schema\/logo\/image\/\",\"url\":\"https:\/\/www.arcmontjuic.cat\/wp-content\/uploads\/2022\/05\/CAM_Logo_1.png\",\"contentUrl\":\"https:\/\/www.arcmontjuic.cat\/wp-content\/uploads\/2022\/05\/CAM_Logo_1.png\",\"width\":3390,\"height\":2100,\"caption\":\"Club Arc Montju\u00efc\"},\"image\":{\"@id\":\"https:\/\/www.arcmontjuic.cat\/#\/schema\/logo\/image\/\"}}]}<\/script>\n<!-- \/ Yoast SEO plugin. -->","yoast_head_json":{"title":"Pol\u00edtica de Galletas (Cookies) - Club Arc Montju\u00efc","robots":{"index":"index","follow":"follow","max-snippet":"max-snippet:-1","max-image-preview":"max-image-preview:large","max-video-preview":"max-video-preview:-1"},"canonical":"https:\/\/www.arcmontjuic.cat\/politica-de-cookies-o-galetes\/","og_locale":"es_ES","og_type":"article","og_title":"Pol\u00edtica de Galletas (Cookies) - Club Arc Montju\u00efc","og_description":"Cookies Utilizamos cookies para facilitar el uso de nuestra p\u00e1gina web. Las cookies son peque\u00f1os archivos de informaci\u00f3n que nos permiten comparar y entender c\u00f3mo nuestros usuarios navegan a trav\u00e9s [&hellip;]","og_url":"https:\/\/www.arcmontjuic.cat\/politica-de-cookies-o-galetes\/","og_site_name":"Club Arc Montju\u00efc","article_modified_time":"2023-06-13T06:43:42+00:00","twitter_card":"summary_large_image","twitter_misc":{"Tiempo de lectura":"3 minutos"},"schema":{"@context":"https:\/\/schema.org","@graph":[{"@type":"WebPage","@id":"https:\/\/www.arcmontjuic.cat\/politica-de-cookies-o-galetes\/","url":"https:\/\/www.arcmontjuic.cat\/politica-de-cookies-o-galetes\/","name":"Pol\u00edtica de Galletas (Cookies) - Club Arc Montju\u00efc","isPartOf":{"@id":"https:\/\/www.arcmontjuic.cat\/#website"},"datePublished":"2023-06-08T10:28:42+00:00","dateModified":"2023-06-13T06:43:42+00:00","breadcrumb":{"@id":"https:\/\/www.arcmontjuic.cat\/politica-de-cookies-o-galetes\/#breadcrumb"},"inLanguage":"es","potentialAction":[{"@type":"ReadAction","target":["https:\/\/www.arcmontjuic.cat\/politica-de-cookies-o-galetes\/"]}]},{"@type":"BreadcrumbList","@id":"https:\/\/www.arcmontjuic.cat\/politica-de-cookies-o-galetes\/#breadcrumb","itemListElement":[{"@type":"ListItem","position":1,"name":"Portada","item":"https:\/\/www.arcmontjuic.cat\/"},{"@type":"ListItem","position":2,"name":"Pol\u00edtica de Galletas (Cookies)"}]},{"@type":"WebSite","@id":"https:\/\/www.arcmontjuic.cat\/#website","url":"https:\/\/www.arcmontjuic.cat\/","name":"Club Arc Montju\u00efc","description":"Tir amb arc Barcelona","publisher":{"@id":"https:\/\/www.arcmontjuic.cat\/#organization"},"potentialAction":[{"@type":"SearchAction","target":{"@type":"EntryPoint","urlTemplate":"https:\/\/www.arcmontjuic.cat\/?s={search_term_string}"},"query-input":{"@type":"PropertyValueSpecification","valueRequired":true,"valueName":"search_term_string"}}],"inLanguage":"es"},{"@type":"Organization","@id":"https:\/\/www.arcmontjuic.cat\/#organization","name":"Club Arc Montju\u00efc","url":"https:\/\/www.arcmontjuic.cat\/","logo":{"@type":"ImageObject","inLanguage":"es","@id":"https:\/\/www.arcmontjuic.cat\/#\/schema\/logo\/image\/","url":"https:\/\/www.arcmontjuic.cat\/wp-content\/uploads\/2022\/05\/CAM_Logo_1.png","contentUrl":"https:\/\/www.arcmontjuic.cat\/wp-content\/uploads\/2022\/05\/CAM_Logo_1.png","width":3390,"height":2100,"caption":"Club Arc Montju\u00efc"},"image":{"@id":"https:\/\/www.arcmontjuic.cat\/#\/schema\/logo\/image\/"}}]}},"ticketed":false,"_links":{"self":[{"href":"https:\/\/www.arcmontjuic.cat\/es\/wp-json\/wp\/v2\/pages\/4297","targetHints":{"allow":["GET"]}}],"collection":[{"href":"https:\/\/www.arcmontjuic.cat\/es\/wp-json\/wp\/v2\/pages"}],"about":[{"href":"https:\/\/www.arcmontjuic.cat\/es\/wp-json\/wp\/v2\/types\/page"}],"author":[{"embeddable":true,"href":"https:\/\/www.arcmontjuic.cat\/es\/wp-json\/wp\/v2\/users\/3"}],"replies":[{"embeddable":true,"href":"https:\/\/www.arcmontjuic.cat\/es\/wp-json\/wp\/v2\/comments?post=4297"}],"version-history":[{"count":4,"href":"https:\/\/www.arcmontjuic.cat\/es\/wp-json\/wp\/v2\/pages\/4297\/revisions"}],"predecessor-version":[{"id":4388,"href":"https:\/\/www.arcmontjuic.cat\/es\/wp-json\/wp\/v2\/pages\/4297\/revisions\/4388"}],"wp:attachment":[{"href":"https:\/\/www.arcmontjuic.cat\/es\/wp-json\/wp\/v2\/media?parent=4297"}],"curies":[{"name":"wp","href":"https:\/\/api.w.org\/{rel}","templated":true}]}}